{"id":57,"date":"2022-07-15T12:39:10","date_gmt":"2022-07-15T15:39:10","guid":{"rendered":"https:\/\/advocacia.siteninjapro.com\/?page_id=57"},"modified":"2024-06-04T23:41:25","modified_gmt":"2024-06-05T02:41:25","slug":"blog","status":"publish","type":"page","link":"https:\/\/globallinkagency.com\/en\/blog\/","title":{"rendered":"Blog"},"content":{"rendered":"<div data-elementor-type=\"wp-page\" data-elementor-id=\"57\" class=\"elementor elementor-57\">\n\t\t\t\t<div class=\"elementor-element elementor-element-6bbcc56e e-flex e-con-boxed e-con e-parent\" data-id=\"6bbcc56e\" data-element_type=\"container\" data-e-type=\"container\" data-settings=\"{&quot;background_background&quot;:&quot;classic&quot;}\">\n\t\t\t\t\t<div class=\"e-con-inner\">\n\t\t<div class=\"elementor-element elementor-element-230edac5 e-con-full e-flex e-con e-child\" data-id=\"230edac5\" data-element_type=\"container\" data-e-type=\"container\">\n\t\t\t\t<div class=\"elementor-element elementor-element-246db831 elementor-widget elementor-widget-heading\" data-id=\"246db831\" data-element_type=\"widget\" data-e-type=\"widget\" data-widget_type=\"heading.default\">\n\t\t\t\t<div class=\"elementor-widget-container\">\n\t\t\t\t\t<h1 class=\"elementor-heading-title elementor-size-default\">Blog<\/h1>\t\t\t\t<\/div>\n\t\t\t\t<\/div>\n\t\t\t\t<div class=\"elementor-element elementor-element-415840ef elementor-widget elementor-widget-text-editor\" data-id=\"415840ef\" data-element_type=\"widget\" data-e-type=\"widget\" data-widget_type=\"text-editor.default\">\n\t\t\t\t<div class=\"elementor-widget-container\">\n\t\t\t\t\t\t\t\t\t<div class=\"elementor-element elementor-element-7ec0744 e-container--column e-container\" data-id=\"7ec0744\" data-element_type=\"container\"><div class=\"elementor-element elementor-element-4bc963c elementor-widget elementor-widget-text-editor\" data-id=\"4bc963c\" data-element_type=\"widget\" data-widget_type=\"text-editor.default\"><div class=\"elementor-widget-container\"><p>Welcome to our blog, a space dedicated to all students who dream of studying abroad and need specialized guidance to make that dream a reality. Here, you will find detailed and up-to-date information about everything involved in the process of studying abroad, from choosing an educational institution to obtaining the appropriate visa.<\/p><\/div><\/div><\/div>\t\t\t\t\t\t\t\t<\/div>\n\t\t\t\t<\/div>\n\t\t\t\t<\/div>\n\t\t<div class=\"elementor-element elementor-element-424cb0fc e-con-full e-flex e-con e-child\" data-id=\"424cb0fc\" data-element_type=\"container\" data-e-type=\"container\">\n\t\t\t\t<\/div>\n\t\t\t\t\t<\/div>\n\t\t\t\t<\/div>\n\t\t<div class=\"elementor-element elementor-element-fda78f4 e-flex e-con-boxed e-con e-parent\" data-id=\"fda78f4\" data-element_type=\"container\" data-e-type=\"container\" data-settings=\"{&quot;background_background&quot;:&quot;classic&quot;}\">\n\t\t\t\t\t<div class=\"e-con-inner\">\n\t\t<div class=\"elementor-element elementor-element-dceae68 e-flex e-con-boxed e-con e-child\" data-id=\"dceae68\" data-element_type=\"container\" data-e-type=\"container\" data-settings=\"{&quot;background_background&quot;:&quot;classic&quot;}\">\n\t\t\t\t\t<div class=\"e-con-inner\">\n\t\t\t\t<div class=\"elementor-element elementor-element-0845769 elementor-widget__width-inherit elementor-widget elementor-widget-heading\" data-id=\"0845769\" data-element_type=\"widget\" data-e-type=\"widget\" data-widget_type=\"heading.default\">\n\t\t\t\t<div class=\"elementor-widget-container\">\n\t\t\t\t\t<h2 class=\"elementor-heading-title elementor-size-default\">Articles<\/h2>\t\t\t\t<\/div>\n\t\t\t\t<\/div>\n\t\t\t\t<div class=\"elementor-element elementor-element-1881adc elementor-grid-2 elementor-grid-tablet-1 elementor-grid-mobile-1 elementor-posts--thumbnail-top elementor-widget elementor-widget-posts\" data-id=\"1881adc\" data-element_type=\"widget\" data-e-type=\"widget\" data-settings=\"{&quot;classic_columns&quot;:&quot;2&quot;,&quot;classic_columns_tablet&quot;:&quot;1&quot;,&quot;classic_row_gap&quot;:{&quot;unit&quot;:&quot;px&quot;,&quot;size&quot;:20,&quot;sizes&quot;:[]},&quot;pagination_type&quot;:&quot;numbers_and_prev_next&quot;,&quot;classic_columns_mobile&quot;:&quot;1&quot;,&quot;classic_row_gap_tablet&quot;:{&quot;unit&quot;:&quot;px&quot;,&quot;size&quot;:&quot;&quot;,&quot;sizes&quot;:[]},&quot;classic_row_gap_mobile&quot;:{&quot;unit&quot;:&quot;px&quot;,&quot;size&quot;:&quot;&quot;,&quot;sizes&quot;:[]}}\" data-widget_type=\"posts.classic\">\n\t\t\t\t<div class=\"elementor-widget-container\">\n\t\t\t\t\t\t\t<div class=\"elementor-posts-container elementor-posts elementor-posts--skin-classic elementor-grid\">\n\t\t\t\t<article class=\"elementor-post elementor-grid-item post-528 post type-post status-publish format-standard has-post-thumbnail hentry category-direito\">\n\t\t\t\t<a class=\"elementor-post__thumbnail__link\" href=\"https:\/\/globallinkagency.com\/en\/por-que-e-necessario-comprovar-valores-para-um-curso-de-bacharelado-nos-eua\/\" >\n\t\t\t<div class=\"elementor-post__thumbnail\"><img fetchpriority=\"high\" decoding=\"async\" width=\"768\" height=\"768\" src=\"https:\/\/globallinkagency.com\/wp-content\/uploads\/2024\/07\/Comprovar-Valores-para-um-Curso-de-Bacharelado-nos-EUA-768x768.jpeg\" class=\"attachment-medium_large size-medium_large wp-image-529\" alt=\"\" srcset=\"https:\/\/globallinkagency.com\/wp-content\/uploads\/2024\/07\/Comprovar-Valores-para-um-Curso-de-Bacharelado-nos-EUA-768x768.jpeg 768w, https:\/\/globallinkagency.com\/wp-content\/uploads\/2024\/07\/Comprovar-Valores-para-um-Curso-de-Bacharelado-nos-EUA-300x300.jpeg 300w, https:\/\/globallinkagency.com\/wp-content\/uploads\/2024\/07\/Comprovar-Valores-para-um-Curso-de-Bacharelado-nos-EUA-150x150.jpeg 150w, https:\/\/globallinkagency.com\/wp-content\/uploads\/2024\/07\/Comprovar-Valores-para-um-Curso-de-Bacharelado-nos-EUA-12x12.jpeg 12w, https:\/\/globallinkagency.com\/wp-content\/uploads\/2024\/07\/Comprovar-Valores-para-um-Curso-de-Bacharelado-nos-EUA.jpeg 1024w\" sizes=\"(max-width: 768px) 100vw, 768px\" \/><\/div>\n\t\t<\/a>\n\t\t\t\t<div class=\"elementor-post__text\">\n\t\t\t\t<h3 class=\"elementor-post__title\">\n\t\t\t<a href=\"https:\/\/globallinkagency.com\/en\/por-que-e-necessario-comprovar-valores-para-um-curso-de-bacharelado-nos-eua\/\" >\n\t\t\t\tWhy is it necessary to prove fees for a Bachelor&#039;s degree in the USA?\t\t\t<\/a>\n\t\t<\/h3>\n\t\t\t\t<div class=\"elementor-post__meta-data\">\n\t\t\t\t\t<span class=\"elementor-post-date\">\n\t\t\tJuly 10, 2024\t\t<\/span>\n\t\t\t\t<span class=\"elementor-post-avatar\">\n\t\t\tNo Comments\t\t<\/span>\n\t\t\t\t<\/div>\n\t\t\t\t<div class=\"elementor-post__excerpt\">\n\t\t\t<p>If you are thinking about studying in the United States, you have probably heard about the financial proof requirement. But for<\/p>\n\t\t<\/div>\n\t\t\t\t\t<div class=\"elementor-post__read-more-wrapper\">\n\t\t\n\t\t<a class=\"elementor-post__read-more\" href=\"https:\/\/globallinkagency.com\/en\/por-que-e-necessario-comprovar-valores-para-um-curso-de-bacharelado-nos-eua\/\" >\n\t\t\tRead more &quot;\t\t<\/a>\n\n\t\t\t\t\t<\/div>\n\t\t\t\t<\/div>\n\t\t\t\t<\/article>\n\t\t\t\t<article class=\"elementor-post elementor-grid-item post-523 post type-post status-publish format-standard has-post-thumbnail hentry category-direito\">\n\t\t\t\t<a class=\"elementor-post__thumbnail__link\" href=\"https:\/\/globallinkagency.com\/en\/passo-a-passo-para-assinar-um-pdf-gratuitamente\/\" >\n\t\t\t<div class=\"elementor-post__thumbnail\"><img decoding=\"async\" width=\"720\" height=\"576\" src=\"https:\/\/globallinkagency.com\/wp-content\/uploads\/2024\/07\/como-assinar-documentos-digitalmente.jpg\" class=\"attachment-medium_large size-medium_large wp-image-524\" alt=\"\" srcset=\"https:\/\/globallinkagency.com\/wp-content\/uploads\/2024\/07\/como-assinar-documentos-digitalmente.jpg 720w, https:\/\/globallinkagency.com\/wp-content\/uploads\/2024\/07\/como-assinar-documentos-digitalmente-300x240.jpg 300w, https:\/\/globallinkagency.com\/wp-content\/uploads\/2024\/07\/como-assinar-documentos-digitalmente-15x12.jpg 15w\" sizes=\"(max-width: 720px) 100vw, 720px\" \/><\/div>\n\t\t<\/a>\n\t\t\t\t<div class=\"elementor-post__text\">\n\t\t\t\t<h3 class=\"elementor-post__title\">\n\t\t\t<a href=\"https:\/\/globallinkagency.com\/en\/passo-a-passo-para-assinar-um-pdf-gratuitamente\/\" >\n\t\t\t\tStep by Step to Sign a PDF for Free\t\t\t<\/a>\n\t\t<\/h3>\n\t\t\t\t<div class=\"elementor-post__meta-data\">\n\t\t\t\t\t<span class=\"elementor-post-date\">\n\t\t\tJuly 4, 2024\t\t<\/span>\n\t\t\t\t<span class=\"elementor-post-avatar\">\n\t\t\tNo Comments\t\t<\/span>\n\t\t\t\t<\/div>\n\t\t\t\t<div class=\"elementor-post__excerpt\">\n\t\t\t<p>Signing a PDF document can be a simple and free process using Adobe Acrobat Reader DC. Follow<\/p>\n\t\t<\/div>\n\t\t\t\t\t<div class=\"elementor-post__read-more-wrapper\">\n\t\t\n\t\t<a class=\"elementor-post__read-more\" href=\"https:\/\/globallinkagency.com\/en\/passo-a-passo-para-assinar-um-pdf-gratuitamente\/\" >\n\t\t\tRead more &quot;\t\t<\/a>\n\n\t\t\t\t\t<\/div>\n\t\t\t\t<\/div>\n\t\t\t\t<\/article>\n\t\t\t\t<article class=\"elementor-post elementor-grid-item post-519 post type-post status-publish format-standard has-post-thumbnail hentry category-direito\">\n\t\t\t\t<a class=\"elementor-post__thumbnail__link\" href=\"https:\/\/globallinkagency.com\/en\/como-tirar-o-i-94-online-guia-passo-a-passo-da-global-link-agency\/\" >\n\t\t\t<div class=\"elementor-post__thumbnail\"><img decoding=\"async\" width=\"768\" height=\"512\" src=\"https:\/\/globallinkagency.com\/wp-content\/uploads\/2024\/06\/Prencha-768x512.jpg\" class=\"attachment-medium_large size-medium_large wp-image-520\" alt=\"\" srcset=\"https:\/\/globallinkagency.com\/wp-content\/uploads\/2024\/06\/Prencha-768x512.jpg 768w, https:\/\/globallinkagency.com\/wp-content\/uploads\/2024\/06\/Prencha-300x200.jpg 300w, https:\/\/globallinkagency.com\/wp-content\/uploads\/2024\/06\/Prencha-1024x682.jpg 1024w, https:\/\/globallinkagency.com\/wp-content\/uploads\/2024\/06\/Prencha-18x12.jpg 18w, https:\/\/globallinkagency.com\/wp-content\/uploads\/2024\/06\/Prencha.jpg 1280w\" sizes=\"(max-width: 768px) 100vw, 768px\" \/><\/div>\n\t\t<\/a>\n\t\t\t\t<div class=\"elementor-post__text\">\n\t\t\t\t<h3 class=\"elementor-post__title\">\n\t\t\t<a href=\"https:\/\/globallinkagency.com\/en\/como-tirar-o-i-94-online-guia-passo-a-passo-da-global-link-agency\/\" >\n\t\t\t\tHow to Get I-94 Online: Step-by-Step Guide from Global Link Agency\t\t\t<\/a>\n\t\t<\/h3>\n\t\t\t\t<div class=\"elementor-post__meta-data\">\n\t\t\t\t\t<span class=\"elementor-post-date\">\n\t\t\tJune 21, 2024\t\t<\/span>\n\t\t\t\t<span class=\"elementor-post-avatar\">\n\t\t\tNo Comments\t\t<\/span>\n\t\t\t\t<\/div>\n\t\t\t\t<div class=\"elementor-post__excerpt\">\n\t\t\t<p>If you are planning to travel to the United States or are already in the country and need to obtain or review the<\/p>\n\t\t<\/div>\n\t\t\t\t\t<div class=\"elementor-post__read-more-wrapper\">\n\t\t\n\t\t<a class=\"elementor-post__read-more\" href=\"https:\/\/globallinkagency.com\/en\/como-tirar-o-i-94-online-guia-passo-a-passo-da-global-link-agency\/\" >\n\t\t\tRead more &quot;\t\t<\/a>\n\n\t\t\t\t\t<\/div>\n\t\t\t\t<\/div>\n\t\t\t\t<\/article>\n\t\t\t\t<article class=\"elementor-post elementor-grid-item post-516 post type-post status-publish format-standard has-post-thumbnail hentry category-direito\">\n\t\t\t\t<a class=\"elementor-post__thumbnail__link\" href=\"https:\/\/globallinkagency.com\/en\/guia-passo-a-passo-para-pagar-a-taxa-i-901-sevis-para-estudantes-internacionais-nos-eua\/\" >\n\t\t\t<div class=\"elementor-post__thumbnail\"><img loading=\"lazy\" decoding=\"async\" width=\"768\" height=\"512\" src=\"https:\/\/globallinkagency.com\/wp-content\/uploads\/2024\/06\/estudantes-768x512.jpg\" class=\"attachment-medium_large size-medium_large wp-image-517\" alt=\"\" srcset=\"https:\/\/globallinkagency.com\/wp-content\/uploads\/2024\/06\/estudantes-768x512.jpg 768w, https:\/\/globallinkagency.com\/wp-content\/uploads\/2024\/06\/estudantes-300x200.jpg 300w, https:\/\/globallinkagency.com\/wp-content\/uploads\/2024\/06\/estudantes-1024x683.jpg 1024w, https:\/\/globallinkagency.com\/wp-content\/uploads\/2024\/06\/estudantes-1536x1024.jpg 1536w, https:\/\/globallinkagency.com\/wp-content\/uploads\/2024\/06\/estudantes-2048x1366.jpg 2048w, https:\/\/globallinkagency.com\/wp-content\/uploads\/2024\/06\/estudantes-18x12.jpg 18w\" sizes=\"(max-width: 768px) 100vw, 768px\" \/><\/div>\n\t\t<\/a>\n\t\t\t\t<div class=\"elementor-post__text\">\n\t\t\t\t<h3 class=\"elementor-post__title\">\n\t\t\t<a href=\"https:\/\/globallinkagency.com\/en\/guia-passo-a-passo-para-pagar-a-taxa-i-901-sevis-para-estudantes-internacionais-nos-eua\/\" >\n\t\t\t\tStep-by-Step Guide to Paying the I-901 SEVIS Fee for International Students in the US\t\t\t<\/a>\n\t\t<\/h3>\n\t\t\t\t<div class=\"elementor-post__meta-data\">\n\t\t\t\t\t<span class=\"elementor-post-date\">\n\t\t\tJune 20, 2024\t\t<\/span>\n\t\t\t\t<span class=\"elementor-post-avatar\">\n\t\t\tNo Comments\t\t<\/span>\n\t\t\t\t<\/div>\n\t\t\t\t<div class=\"elementor-post__excerpt\">\n\t\t\t<p>Introduction:Studying in the United States as an international student requires fulfilling several bureaucratic requirements, including paying the I-901 fee<\/p>\n\t\t<\/div>\n\t\t\t\t\t<div class=\"elementor-post__read-more-wrapper\">\n\t\t\n\t\t<a class=\"elementor-post__read-more\" href=\"https:\/\/globallinkagency.com\/en\/guia-passo-a-passo-para-pagar-a-taxa-i-901-sevis-para-estudantes-internacionais-nos-eua\/\" >\n\t\t\tRead more &quot;\t\t<\/a>\n\n\t\t\t\t\t<\/div>\n\t\t\t\t<\/div>\n\t\t\t\t<\/article>\n\t\t\t\t<article class=\"elementor-post elementor-grid-item post-512 post type-post status-publish format-standard has-post-thumbnail hentry category-direito\">\n\t\t\t\t<a class=\"elementor-post__thumbnail__link\" href=\"https:\/\/globallinkagency.com\/en\/aprenda-como-funciona-o-opt-e-o-cpt-com-a-globallink\/\" >\n\t\t\t<div class=\"elementor-post__thumbnail\"><img loading=\"lazy\" decoding=\"async\" width=\"768\" height=\"512\" src=\"https:\/\/globallinkagency.com\/wp-content\/uploads\/2024\/06\/IMG_1444-768x512.jpeg\" class=\"attachment-medium_large size-medium_large wp-image-514\" alt=\"\" srcset=\"https:\/\/globallinkagency.com\/wp-content\/uploads\/2024\/06\/IMG_1444-768x512.jpeg 768w, https:\/\/globallinkagency.com\/wp-content\/uploads\/2024\/06\/IMG_1444-300x200.jpeg 300w, https:\/\/globallinkagency.com\/wp-content\/uploads\/2024\/06\/IMG_1444-1024x683.jpeg 1024w, https:\/\/globallinkagency.com\/wp-content\/uploads\/2024\/06\/IMG_1444-1536x1024.jpeg 1536w\" sizes=\"(max-width: 768px) 100vw, 768px\" \/><\/div>\n\t\t<\/a>\n\t\t\t\t<div class=\"elementor-post__text\">\n\t\t\t\t<h3 class=\"elementor-post__title\">\n\t\t\t<a href=\"https:\/\/globallinkagency.com\/en\/aprenda-como-funciona-o-opt-e-o-cpt-com-a-globallink\/\" >\n\t\t\t\tLearn How OPT and CPT Work with GlobalLink\t\t\t<\/a>\n\t\t<\/h3>\n\t\t\t\t<div class=\"elementor-post__meta-data\">\n\t\t\t\t\t<span class=\"elementor-post-date\">\n\t\t\tJune 14, 2024\t\t<\/span>\n\t\t\t\t<span class=\"elementor-post-avatar\">\n\t\t\tNo Comments\t\t<\/span>\n\t\t\t\t<\/div>\n\t\t\t\t<div class=\"elementor-post__excerpt\">\n\t\t\t<p>The United States is one of the most popular destinations for international students, offering a wide range of academic and<\/p>\n\t\t<\/div>\n\t\t\t\t\t<div class=\"elementor-post__read-more-wrapper\">\n\t\t\n\t\t<a class=\"elementor-post__read-more\" href=\"https:\/\/globallinkagency.com\/en\/aprenda-como-funciona-o-opt-e-o-cpt-com-a-globallink\/\" >\n\t\t\tRead more &quot;\t\t<\/a>\n\n\t\t\t\t\t<\/div>\n\t\t\t\t<\/div>\n\t\t\t\t<\/article>\n\t\t\t\t<article class=\"elementor-post elementor-grid-item post-456 post type-post status-publish format-standard has-post-thumbnail hentry category-direito\">\n\t\t\t\t<a class=\"elementor-post__thumbnail__link\" href=\"https:\/\/globallinkagency.com\/en\/transforme-seu-visto-de-turista-em-visto-de-estudante-com-a-global-link-agency\/\" >\n\t\t\t<div class=\"elementor-post__thumbnail\"><img loading=\"lazy\" decoding=\"async\" width=\"768\" height=\"512\" src=\"https:\/\/globallinkagency.com\/wp-content\/uploads\/2024\/06\/pexels-william-fortunato-6140459-768x512.jpg\" class=\"attachment-medium_large size-medium_large wp-image-457\" alt=\"\" srcset=\"https:\/\/globallinkagency.com\/wp-content\/uploads\/2024\/06\/pexels-william-fortunato-6140459-768x512.jpg 768w, https:\/\/globallinkagency.com\/wp-content\/uploads\/2024\/06\/pexels-william-fortunato-6140459-300x200.jpg 300w, https:\/\/globallinkagency.com\/wp-content\/uploads\/2024\/06\/pexels-william-fortunato-6140459-1024x683.jpg 1024w, https:\/\/globallinkagency.com\/wp-content\/uploads\/2024\/06\/pexels-william-fortunato-6140459-1536x1024.jpg 1536w\" sizes=\"(max-width: 768px) 100vw, 768px\" \/><\/div>\n\t\t<\/a>\n\t\t\t\t<div class=\"elementor-post__text\">\n\t\t\t\t<h3 class=\"elementor-post__title\">\n\t\t\t<a href=\"https:\/\/globallinkagency.com\/en\/transforme-seu-visto-de-turista-em-visto-de-estudante-com-a-global-link-agency\/\" >\n\t\t\t\tTransform your Tourist Visa into a Student Visa with GlobalLinkAgency!\t\t\t<\/a>\n\t\t<\/h3>\n\t\t\t\t<div class=\"elementor-post__meta-data\">\n\t\t\t\t\t<span class=\"elementor-post-date\">\n\t\t\tJune 4, 2024\t\t<\/span>\n\t\t\t\t<span class=\"elementor-post-avatar\">\n\t\t\tNo Comments\t\t<\/span>\n\t\t\t\t<\/div>\n\t\t\t\t<div class=\"elementor-post__excerpt\">\n\t\t\t<p>Are you in the US on a tourist visa (B-1\/B-2) and want to change to a student visa? The Global Link<\/p>\n\t\t<\/div>\n\t\t\t\t\t<div class=\"elementor-post__read-more-wrapper\">\n\t\t\n\t\t<a class=\"elementor-post__read-more\" href=\"https:\/\/globallinkagency.com\/en\/transforme-seu-visto-de-turista-em-visto-de-estudante-com-a-global-link-agency\/\" >\n\t\t\tRead more &quot;\t\t<\/a>\n\n\t\t\t\t\t<\/div>\n\t\t\t\t<\/div>\n\t\t\t\t<\/article>\n\t\t\t\t<\/div>\n\n\n\t\t\n\t\t\t\t<div class=\"e-load-more-anchor\" data-page=\"1\" data-max-page=\"2\" data-next-page=\"https:\/\/globallinkagency.com\/en\/wp-json\/wp\/v2\/pages\/57\/page\/2\/\"><\/div>\n\t\t\t\t<nav class=\"elementor-pagination\" role=\"navigation\" aria-label=\"Pagination\">\n\t\t\t<span class=\"page-numbers prev\">\u00ab Previous<\/span>\n<span aria-current=\"page\" class=\"page-numbers current\"><span class=\"elementor-screen-only\">Page<\/span>1<\/span>\n<a class=\"page-numbers\" href=\"https:\/\/globallinkagency.com\/en\/wp-json\/wp\/v2\/pages\/57\/page\/2\/\"><span class=\"elementor-screen-only\">Page<\/span>2<\/a>\n<a class=\"page-numbers next\" href=\"https:\/\/globallinkagency.com\/en\/wp-json\/wp\/v2\/pages\/57\/page\/2\/\">Following &quot;<\/a>\t\t<\/nav>\n\t\t\t\t\t\t<\/div>\n\t\t\t\t<\/div>\n\t\t\t\t\t<\/div>\n\t\t\t\t<\/div>\n\t\t\t\t\t<\/div>\n\t\t\t\t<\/div>\n\t\t<div class=\"elementor-element elementor-element-50d95175 e-flex e-con-boxed e-con e-parent\" data-id=\"50d95175\" data-element_type=\"container\" data-e-type=\"container\" data-settings=\"{&quot;background_background&quot;:&quot;classic&quot;}\">\n\t\t\t\t\t<div class=\"e-con-inner\">\n\t\t<div class=\"elementor-element elementor-element-4e0a5eee e-con-full e-flex e-con e-child\" data-id=\"4e0a5eee\" data-element_type=\"container\" data-e-type=\"container\">\n\t\t\t\t<\/div>\n\t\t<div class=\"elementor-element elementor-element-6a9b998b e-con-full e-flex e-con e-child\" data-id=\"6a9b998b\" data-element_type=\"container\" data-e-type=\"container\">\n\t\t\t\t<div class=\"elementor-element elementor-element-218bcf28 elementor-widget elementor-widget-heading\" data-id=\"218bcf28\" data-element_type=\"widget\" data-e-type=\"widget\" data-widget_type=\"heading.default\">\n\t\t\t\t<div class=\"elementor-widget-container\">\n\t\t\t\t\t<h2 class=\"elementor-heading-title elementor-size-default\">Contacts<\/h2>\t\t\t\t<\/div>\n\t\t\t\t<\/div>\n\t\t\t\t<div class=\"elementor-element elementor-element-6a490307 elementor-icon-list--layout-traditional elementor-list-item-link-full_width elementor-widget elementor-widget-icon-list\" data-id=\"6a490307\" data-element_type=\"widget\" data-e-type=\"widget\" data-widget_type=\"icon-list.default\">\n\t\t\t\t<div class=\"elementor-widget-container\">\n\t\t\t\t\t\t\t<ul class=\"elementor-icon-list-items\">\n\t\t\t\t\t\t\t<li class=\"elementor-icon-list-item\">\n\t\t\t\t\t\t\t\t\t\t\t<span class=\"elementor-icon-list-icon\">\n\t\t\t\t\t\t\t<i aria-hidden=\"true\" class=\"fab fa-whatsapp\"><\/i>\t\t\t\t\t\t<\/span>\n\t\t\t\t\t\t\t\t\t\t<span class=\"elementor-icon-list-text\">+1 (619) 456-7828<\/span>\n\t\t\t\t\t\t\t\t\t<\/li>\n\t\t\t\t\t\t\t\t<li class=\"elementor-icon-list-item\">\n\t\t\t\t\t\t\t\t\t\t\t<span class=\"elementor-icon-list-icon\">\n\t\t\t\t\t\t\t<i aria-hidden=\"true\" class=\"fab fa-whatsapp\"><\/i>\t\t\t\t\t\t<\/span>\n\t\t\t\t\t\t\t\t\t\t<span class=\"elementor-icon-list-text\">+1 (945) 713-3058<\/span>\n\t\t\t\t\t\t\t\t\t<\/li>\n\t\t\t\t\t\t\t\t<li class=\"elementor-icon-list-item\">\n\t\t\t\t\t\t\t\t\t\t\t<span class=\"elementor-icon-list-icon\">\n\t\t\t\t\t\t\t<i aria-hidden=\"true\" class=\"fas fa-mail-bulk\"><\/i>\t\t\t\t\t\t<\/span>\n\t\t\t\t\t\t\t\t\t\t<span class=\"elementor-icon-list-text\">contact@globallinkagency.com<\/span>\n\t\t\t\t\t\t\t\t\t<\/li>\n\t\t\t\t\t\t<\/ul>\n\t\t\t\t\t\t<\/div>\n\t\t\t\t<\/div>\n\t\t\t\t<div class=\"elementor-element elementor-element-48c29195 elementor-button-align-stretch elementor-widget elementor-widget-form\" data-id=\"48c29195\" data-element_type=\"widget\" data-e-type=\"widget\" data-settings=\"{&quot;step_next_label&quot;:&quot;Next&quot;,&quot;step_previous_label&quot;:&quot;Previous&quot;,&quot;button_width&quot;:&quot;100&quot;,&quot;step_type&quot;:&quot;number_text&quot;,&quot;step_icon_shape&quot;:&quot;circle&quot;}\" data-widget_type=\"form.default\">\n\t\t\t\t<div class=\"elementor-widget-container\">\n\t\t\t\t\t\t\t<form class=\"elementor-form\" method=\"post\" name=\"Formul\u00e1rio de  Contato\" action=\"\">\n\t\t\t<input type=\"hidden\" name=\"post_id\" value=\"57\"\/>\n\t\t\t<input type=\"hidden\" name=\"form_id\" value=\"48c29195\"\/>\n\t\t\t<input type=\"hidden\" name=\"referer_title\" value=\"\" \/>\n\n\t\t\t\n\t\t\t<div class=\"elementor-form-fields-wrapper elementor-labels-\">\n\t\t\t\t\t\t\t\t<div class=\"elementor-field-type-text elementor-field-group elementor-column elementor-field-group-name elementor-col-100\">\n\t\t\t\t\t\t\t\t\t\t\t\t<label for=\"form-field-name\" class=\"elementor-field-label elementor-screen-only\">\n\t\t\t\t\t\t\t\tName\t\t\t\t\t\t\t<\/label>\n\t\t\t\t\t\t\t\t\t\t\t\t\t\t<input size=\"1\" type=\"text\" name=\"form_fields[name]\" id=\"form-field-name\" class=\"elementor-field elementor-size-md  elementor-field-textual\" placeholder=\"Name\">\n\t\t\t\t\t\t\t\t\t\t\t<\/div>\n\t\t\t\t\t\t\t\t<div class=\"elementor-field-type-email elementor-field-group elementor-column elementor-field-group-email elementor-col-100 elementor-field-required\">\n\t\t\t\t\t\t\t\t\t\t\t\t<label for=\"form-field-email\" class=\"elementor-field-label elementor-screen-only\">\n\t\t\t\t\t\t\t\tEmail\t\t\t\t\t\t\t<\/label>\n\t\t\t\t\t\t\t\t\t\t\t\t\t\t<input size=\"1\" type=\"email\" name=\"form_fields[email]\" id=\"form-field-email\" class=\"elementor-field elementor-size-md  elementor-field-textual\" placeholder=\"Email\" required=\"required\" aria-required=\"true\">\n\t\t\t\t\t\t\t\t\t\t\t<\/div>\n\t\t\t\t\t\t\t\t<div class=\"elementor-field-type-textarea elementor-field-group elementor-column elementor-field-group-message elementor-col-100\">\n\t\t\t\t\t\t\t\t\t\t\t\t<label for=\"form-field-message\" class=\"elementor-field-label elementor-screen-only\">\n\t\t\t\t\t\t\t\tMessage\t\t\t\t\t\t\t<\/label>\n\t\t\t\t\t\t<textarea class=\"elementor-field-textual elementor-field  elementor-size-md\" name=\"form_fields[message]\" id=\"form-field-message\" rows=\"4\" placeholder=\"Message\"><\/textarea>\t\t\t\t<\/div>\n\t\t\t\t\t\t\t\t<div class=\"elementor-field-group elementor-column elementor-field-type-submit elementor-col-100 e-form__buttons\">\n\t\t\t\t\t<button type=\"submit\" class=\"elementor-button elementor-size-md\">\n\t\t\t\t\t\t<span >\n\t\t\t\t\t\t\t\t\t\t\t\t\t\t\t<span class=\"elementor-button-icon\">\n\t\t\t\t\t\t\t\t\t\t\t\t\t\t\t\t\t\t\t\t\t\t\t\t\t\t<\/span>\n\t\t\t\t\t\t\t\t\t\t\t\t\t\t\t\t\t\t\t\t\t\t<span class=\"elementor-button-text\">Get in touch<\/span>\n\t\t\t\t\t\t\t\t\t\t\t\t\t<\/span>\n\t\t\t\t\t<\/button>\n\t\t\t\t<\/div>\n\t\t\t<\/div>\n\t\t<input type=\"hidden\" name=\"trp-form-language\" value=\"en\"\/><\/form>\n\t\t\t\t\t\t<\/div>\n\t\t\t\t<\/div>\n\t\t\t\t<\/div>\n\t\t\t\t\t<\/div>\n\t\t\t\t<\/div>\n\t\t\t\t<\/div>","protected":false},"excerpt":{"rendered":"<p>Blog Bem-vindo ao nosso blog, um espa\u00e7o dedicado a todos os estudantes que sonham em estudar no exterior e necessitam de orienta\u00e7\u00e3o especializada para tornar esse sonho realidade. Aqui, voc\u00ea encontrar\u00e1 informa\u00e7\u00f5es detalhadas e atualizadas sobre tudo o que envolve o processo de estudar fora do seu pa\u00eds, desde a escolha da institui\u00e7\u00e3o de ensino [&hellip;]<\/p>","protected":false},"author":2,"featured_media":0,"parent":0,"menu_order":0,"comment_status":"closed","ping_status":"closed","template":"elementor_header_footer","meta":{"footnotes":""},"class_list":["post-57","page","type-page","status-publish","hentry"],"_links":{"self":[{"href":"https:\/\/globallinkagency.com\/en\/wp-json\/wp\/v2\/pages\/57","targetHints":{"allow":["GET"]}}],"collection":[{"href":"https:\/\/globallinkagency.com\/en\/wp-json\/wp\/v2\/pages"}],"about":[{"href":"https:\/\/globallinkagency.com\/en\/wp-json\/wp\/v2\/types\/page"}],"author":[{"embeddable":true,"href":"https:\/\/globallinkagency.com\/en\/wp-json\/wp\/v2\/users\/2"}],"replies":[{"embeddable":true,"href":"https:\/\/globallinkagency.com\/en\/wp-json\/wp\/v2\/comments?post=57"}],"version-history":[{"count":31,"href":"https:\/\/globallinkagency.com\/en\/wp-json\/wp\/v2\/pages\/57\/revisions"}],"predecessor-version":[{"id":506,"href":"https:\/\/globallinkagency.com\/en\/wp-json\/wp\/v2\/pages\/57\/revisions\/506"}],"wp:attachment":[{"href":"https:\/\/globallinkagency.com\/en\/wp-json\/wp\/v2\/media?parent=57"}],"curies":[{"name":"wp","href":"https:\/\/api.w.org\/{rel}","templated":true}]}}