{"id":53,"date":"2022-07-15T12:38:54","date_gmt":"2022-07-15T15:38:54","guid":{"rendered":"https:\/\/advocacia.siteninjapro.com\/?page_id=53"},"modified":"2024-06-04T23:28:19","modified_gmt":"2024-06-05T02:28:19","slug":"servicos","status":"publish","type":"page","link":"https:\/\/globallinkagency.com\/en\/servicos\/","title":{"rendered":"services"},"content":{"rendered":"<div data-elementor-type=\"wp-page\" data-elementor-id=\"53\" class=\"elementor elementor-53\">\n\t\t\t\t<div class=\"elementor-element elementor-element-1a7f3527 e-flex e-con-boxed e-con e-parent\" data-id=\"1a7f3527\" data-element_type=\"container\" data-e-type=\"container\" data-settings=\"{&quot;background_background&quot;:&quot;classic&quot;}\">\n\t\t\t\t\t<div class=\"e-con-inner\">\n\t\t<div class=\"elementor-element elementor-element-72f99318 e-con-full e-flex e-con e-child\" data-id=\"72f99318\" data-element_type=\"container\" data-e-type=\"container\">\n\t\t\t\t<div class=\"elementor-element elementor-element-29b7b0b5 elementor-widget elementor-widget-heading\" data-id=\"29b7b0b5\" data-element_type=\"widget\" data-e-type=\"widget\" data-widget_type=\"heading.default\">\n\t\t\t\t<div class=\"elementor-widget-container\">\n\t\t\t\t\t<h1 class=\"elementor-heading-title elementor-size-default\">Our services<\/h1>\t\t\t\t<\/div>\n\t\t\t\t<\/div>\n\t\t\t\t<div class=\"elementor-element elementor-element-1ba69416 elementor-widget elementor-widget-text-editor\" data-id=\"1ba69416\" data-element_type=\"widget\" data-e-type=\"widget\" data-widget_type=\"text-editor.default\">\n\t\t\t\t<div class=\"elementor-widget-container\">\n\t\t\t\t\t\t\t\t\t<div class=\"elementor-element elementor-element-654237b e-container--column e-container\" data-id=\"654237b\" data-element_type=\"container\"><div class=\"elementor-element elementor-element-5f77739 elementor-widget elementor-widget-text-editor\" data-id=\"5f77739\" data-element_type=\"widget\" data-widget_type=\"text-editor.default\"><div class=\"elementor-widget-container\"><p>From the moment you contact us, our expert team will be ready to guide you every step of the way. <br \/>We offer detailed initial guidance on admission requirements to American educational institutions, helping you find the study program that best suits your interests and academic goals.<\/p><\/div><\/div><\/div>\t\t\t\t\t\t\t\t<\/div>\n\t\t\t\t<\/div>\n\t\t\t\t<\/div>\n\t\t<div class=\"elementor-element elementor-element-438600b1 e-con-full e-flex e-con e-child\" data-id=\"438600b1\" data-element_type=\"container\" data-e-type=\"container\">\n\t\t\t\t<\/div>\n\t\t\t\t\t<\/div>\n\t\t\t\t<\/div>\n\t\t<div class=\"elementor-element elementor-element-141a3919 e-flex e-con-boxed e-con e-parent\" data-id=\"141a3919\" data-element_type=\"container\" data-e-type=\"container\" data-settings=\"{&quot;background_background&quot;:&quot;classic&quot;}\">\n\t\t\t\t\t<div class=\"e-con-inner\">\n\t\t<div class=\"elementor-element elementor-element-390584ef e-con-full e-flex e-con e-child\" data-id=\"390584ef\" data-element_type=\"container\" data-e-type=\"container\" data-settings=\"{&quot;background_background&quot;:&quot;classic&quot;}\">\n\t\t\t\t<div class=\"elementor-element elementor-element-cd89fe6 elementor-position-top elementor-widget elementor-widget-image-box\" data-id=\"cd89fe6\" data-element_type=\"widget\" data-e-type=\"widget\" data-widget_type=\"image-box.default\">\n\t\t\t\t<div class=\"elementor-widget-container\">\n\t\t\t\t\t<div class=\"elementor-image-box-wrapper\"><figure class=\"elementor-image-box-img\"><img fetchpriority=\"high\" decoding=\"async\" width=\"500\" height=\"500\" src=\"https:\/\/globallinkagency.com\/wp-content\/uploads\/2022\/07\/Logo.png\" class=\"attachment-full size-full wp-image-237\" alt=\"\" srcset=\"https:\/\/globallinkagency.com\/wp-content\/uploads\/2022\/07\/Logo.png 500w, https:\/\/globallinkagency.com\/wp-content\/uploads\/2022\/07\/Logo-300x300.png 300w, https:\/\/globallinkagency.com\/wp-content\/uploads\/2022\/07\/Logo-150x150.png 150w\" sizes=\"(max-width: 500px) 100vw, 500px\" \/><\/figure><div class=\"elementor-image-box-content\"><h3 class=\"elementor-image-box-title\">Comprehensive support\u200b<\/h3><p class=\"elementor-image-box-description\">GlobalLinkAgency offers full support to international students who want to study in the United States. From initial orientation to ongoing support during your stay in the country, the agency is dedicated to providing assistance at every stage of the exchange process, including pre-arrival orientation, completing or correcting the tourist visa (DS-160), completing or correction of the F-1 (Student Visa), opening a bank account, airport transfer to accommodation and accommodation reservation.<\/p><\/div><\/div>\t\t\t\t<\/div>\n\t\t\t\t<\/div>\n\t\t\t\t<\/div>\n\t\t<div class=\"elementor-element elementor-element-385a9a5c e-con-full e-flex e-con e-child\" data-id=\"385a9a5c\" data-element_type=\"container\" data-e-type=\"container\" data-settings=\"{&quot;background_background&quot;:&quot;classic&quot;}\">\n\t\t\t\t<div class=\"elementor-element elementor-element-56af63b8 elementor-position-top elementor-widget elementor-widget-image-box\" data-id=\"56af63b8\" data-element_type=\"widget\" data-e-type=\"widget\" data-widget_type=\"image-box.default\">\n\t\t\t\t<div class=\"elementor-widget-container\">\n\t\t\t\t\t<div class=\"elementor-image-box-wrapper\"><figure class=\"elementor-image-box-img\"><img fetchpriority=\"high\" decoding=\"async\" width=\"500\" height=\"500\" src=\"https:\/\/globallinkagency.com\/wp-content\/uploads\/2022\/07\/Logo.png\" class=\"attachment-full size-full wp-image-237\" alt=\"\" srcset=\"https:\/\/globallinkagency.com\/wp-content\/uploads\/2022\/07\/Logo.png 500w, https:\/\/globallinkagency.com\/wp-content\/uploads\/2022\/07\/Logo-300x300.png 300w, https:\/\/globallinkagency.com\/wp-content\/uploads\/2022\/07\/Logo-150x150.png 150w\" sizes=\"(max-width: 500px) 100vw, 500px\" \/><\/figure><div class=\"elementor-image-box-content\"><h3 class=\"elementor-image-box-title\">Transformative educational experience<\/h3><p class=\"elementor-image-box-description\">GlobalLinkAgency&#039;s primary goal is to promote transformative educational experiences in the United States. The agency seeks to connect international students to a wide range of high-quality universities, colleges and academic programs, offering support for these students to achieve their academic goals and develop personally and professionally.<\/p><\/div><\/div>\t\t\t\t<\/div>\n\t\t\t\t<\/div>\n\t\t\t\t<\/div>\n\t\t<div class=\"elementor-element elementor-element-205e5a7f e-con-full e-flex e-con e-child\" data-id=\"205e5a7f\" data-element_type=\"container\" data-e-type=\"container\" data-settings=\"{&quot;background_background&quot;:&quot;classic&quot;}\">\n\t\t\t\t<div class=\"elementor-element elementor-element-55b922f6 elementor-position-top elementor-widget elementor-widget-image-box\" data-id=\"55b922f6\" data-element_type=\"widget\" data-e-type=\"widget\" data-widget_type=\"image-box.default\">\n\t\t\t\t<div class=\"elementor-widget-container\">\n\t\t\t\t\t<div class=\"elementor-image-box-wrapper\"><figure class=\"elementor-image-box-img\"><img fetchpriority=\"high\" decoding=\"async\" width=\"500\" height=\"500\" src=\"https:\/\/globallinkagency.com\/wp-content\/uploads\/2022\/07\/Logo.png\" class=\"attachment-full size-full wp-image-237\" alt=\"\" srcset=\"https:\/\/globallinkagency.com\/wp-content\/uploads\/2022\/07\/Logo.png 500w, https:\/\/globallinkagency.com\/wp-content\/uploads\/2022\/07\/Logo-300x300.png 300w, https:\/\/globallinkagency.com\/wp-content\/uploads\/2022\/07\/Logo-150x150.png 150w\" sizes=\"(max-width: 500px) 100vw, 500px\" \/><\/figure><div class=\"elementor-image-box-content\"><h3 class=\"elementor-image-box-title\">Global network of connections<\/h3><p class=\"elementor-image-box-description\">GlobalLinkAgency prides itself on creating a global network of connections. By partnering with educational institutions in the United States and providing access to a variety of study programs, the agency offers international students a wide range of options, ensuring that each student finds the program that best suits their interests and academic goals. and professionals.<\/p><\/div><\/div>\t\t\t\t<\/div>\n\t\t\t\t<\/div>\n\t\t\t\t<\/div>\n\t\t<div class=\"elementor-element elementor-element-653541df e-con-full e-flex e-con e-child\" data-id=\"653541df\" data-element_type=\"container\" data-e-type=\"container\" data-settings=\"{&quot;background_background&quot;:&quot;classic&quot;}\">\n\t\t\t\t<div class=\"elementor-element elementor-element-4a9a724a elementor-position-top elementor-widget elementor-widget-image-box\" data-id=\"4a9a724a\" data-element_type=\"widget\" data-e-type=\"widget\" data-widget_type=\"image-box.default\">\n\t\t\t\t<div class=\"elementor-widget-container\">\n\t\t\t\t\t<div class=\"elementor-image-box-wrapper\"><figure class=\"elementor-image-box-img\"><img fetchpriority=\"high\" decoding=\"async\" width=\"500\" height=\"500\" src=\"https:\/\/globallinkagency.com\/wp-content\/uploads\/2022\/07\/Logo.png\" class=\"attachment-full size-full wp-image-237\" alt=\"\" srcset=\"https:\/\/globallinkagency.com\/wp-content\/uploads\/2022\/07\/Logo.png 500w, https:\/\/globallinkagency.com\/wp-content\/uploads\/2022\/07\/Logo-300x300.png 300w, https:\/\/globallinkagency.com\/wp-content\/uploads\/2022\/07\/Logo-150x150.png 150w\" sizes=\"(max-width: 500px) 100vw, 500px\" \/><\/figure><div class=\"elementor-image-box-content\"><h3 class=\"elementor-image-box-title\">Personalized guidance<\/h3><p class=\"elementor-image-box-description\">GlobalLinkAngency provides personalized guidance to international students, helping them identify their interests, academic and career goals and study preferences. Based on this information, we help students find programs and educational institutions in the United States that align with their needs and aspirations.<\/p><\/div><\/div>\t\t\t\t<\/div>\n\t\t\t\t<\/div>\n\t\t\t\t<\/div>\n\t\t<div class=\"elementor-element elementor-element-2e1b6dc e-con-full e-flex e-con e-child\" data-id=\"2e1b6dc\" data-element_type=\"container\" data-e-type=\"container\" data-settings=\"{&quot;background_background&quot;:&quot;classic&quot;}\">\n\t\t\t\t<div class=\"elementor-element elementor-element-ed98022 elementor-position-top elementor-widget elementor-widget-image-box\" data-id=\"ed98022\" data-element_type=\"widget\" data-e-type=\"widget\" data-widget_type=\"image-box.default\">\n\t\t\t\t<div class=\"elementor-widget-container\">\n\t\t\t\t\t<div class=\"elementor-image-box-wrapper\"><figure class=\"elementor-image-box-img\"><img fetchpriority=\"high\" decoding=\"async\" width=\"500\" height=\"500\" src=\"https:\/\/globallinkagency.com\/wp-content\/uploads\/2022\/07\/Logo.png\" class=\"attachment-full size-full wp-image-237\" alt=\"\" srcset=\"https:\/\/globallinkagency.com\/wp-content\/uploads\/2022\/07\/Logo.png 500w, https:\/\/globallinkagency.com\/wp-content\/uploads\/2022\/07\/Logo-300x300.png 300w, https:\/\/globallinkagency.com\/wp-content\/uploads\/2022\/07\/Logo-150x150.png 150w\" sizes=\"(max-width: 500px) 100vw, 500px\" \/><\/figure><div class=\"elementor-image-box-content\"><h3 class=\"elementor-image-box-title\">Access to high-quality educational institutions<\/h3><p class=\"elementor-image-box-description\">GlobalLinkAgency is recommended for those arriving in the USA due to its partnerships with recognized universities, colleges and educational institutions across the country, which offer high-quality academic programs. By providing access to these institutions, the agency ensures that students have the opportunity to study in renowned educational environments and receive an excellent education.<\/p><\/div><\/div>\t\t\t\t<\/div>\n\t\t\t\t<\/div>\n\t\t\t\t<\/div>\n\t\t<div class=\"elementor-element elementor-element-9f551ea e-con-full e-flex e-con e-child\" data-id=\"9f551ea\" data-element_type=\"container\" data-e-type=\"container\" data-settings=\"{&quot;background_background&quot;:&quot;classic&quot;}\">\n\t\t\t\t<div class=\"elementor-element elementor-element-3689680 elementor-position-top elementor-widget elementor-widget-image-box\" data-id=\"3689680\" data-element_type=\"widget\" data-e-type=\"widget\" data-widget_type=\"image-box.default\">\n\t\t\t\t<div class=\"elementor-widget-container\">\n\t\t\t\t\t<div class=\"elementor-image-box-wrapper\"><figure class=\"elementor-image-box-img\"><img fetchpriority=\"high\" decoding=\"async\" width=\"500\" height=\"500\" src=\"https:\/\/globallinkagency.com\/wp-content\/uploads\/2022\/07\/Logo.png\" class=\"attachment-full size-full wp-image-237\" alt=\"\" srcset=\"https:\/\/globallinkagency.com\/wp-content\/uploads\/2022\/07\/Logo.png 500w, https:\/\/globallinkagency.com\/wp-content\/uploads\/2022\/07\/Logo-300x300.png 300w, https:\/\/globallinkagency.com\/wp-content\/uploads\/2022\/07\/Logo-150x150.png 150w\" sizes=\"(max-width: 500px) 100vw, 500px\" \/><\/figure><div class=\"elementor-image-box-content\"><h3 class=\"elementor-image-box-title\">Networking and personal growth opportunities<\/h3><p class=\"elementor-image-box-description\">GlobalLinkAgency also strives to create a global network of connections between international students and professionals in the United States. This provides students with the opportunity to expand their network of contacts, participate in academic and cultural events, and explore opportunities for personal and professional growth during their stay in the United States in a legal and practical way.<\/p><\/div><\/div>\t\t\t\t<\/div>\n\t\t\t\t<\/div>\n\t\t\t\t<\/div>\n\t\t<div class=\"elementor-element elementor-element-0b630c8 e-con-full e-flex e-con e-child\" data-id=\"0b630c8\" data-element_type=\"container\" data-e-type=\"container\" data-settings=\"{&quot;background_background&quot;:&quot;classic&quot;}\">\n\t\t\t\t<div class=\"elementor-element elementor-element-428eba6 elementor-position-top elementor-widget elementor-widget-image-box\" data-id=\"428eba6\" data-element_type=\"widget\" data-e-type=\"widget\" data-widget_type=\"image-box.default\">\n\t\t\t\t<div class=\"elementor-widget-container\">\n\t\t\t\t\t<div class=\"elementor-image-box-wrapper\"><figure class=\"elementor-image-box-img\"><img fetchpriority=\"high\" decoding=\"async\" width=\"500\" height=\"500\" src=\"https:\/\/globallinkagency.com\/wp-content\/uploads\/2022\/07\/Logo.png\" class=\"attachment-full size-full wp-image-237\" alt=\"\" srcset=\"https:\/\/globallinkagency.com\/wp-content\/uploads\/2022\/07\/Logo.png 500w, https:\/\/globallinkagency.com\/wp-content\/uploads\/2022\/07\/Logo-300x300.png 300w, https:\/\/globallinkagency.com\/wp-content\/uploads\/2022\/07\/Logo-150x150.png 150w\" sizes=\"(max-width: 500px) 100vw, 500px\" \/><\/figure><div class=\"elementor-image-box-content\"><h3 class=\"elementor-image-box-title\">Status Change<\/h3><p class=\"elementor-image-box-description\">If you are considering changing your immigration status in the United States, whether from tourist to student, worker or other visa type, we are here to help. Change of status is a procedure that allows you to change your legal status without leaving the country.<\/p><\/div><\/div>\t\t\t\t<\/div>\n\t\t\t\t<\/div>\n\t\t\t\t<\/div>\n\t\t<div class=\"elementor-element elementor-element-11324bcc e-con-full e-flex e-con e-child\" data-id=\"11324bcc\" data-element_type=\"container\" data-e-type=\"container\" data-settings=\"{&quot;background_background&quot;:&quot;classic&quot;}\">\n\t\t\t\t<div class=\"elementor-element elementor-element-245b34ab elementor-position-top elementor-widget elementor-widget-image-box\" data-id=\"245b34ab\" data-element_type=\"widget\" data-e-type=\"widget\" data-widget_type=\"image-box.default\">\n\t\t\t\t<div class=\"elementor-widget-container\">\n\t\t\t\t\t<div class=\"elementor-image-box-wrapper\"><figure class=\"elementor-image-box-img\"><img fetchpriority=\"high\" decoding=\"async\" width=\"500\" height=\"500\" src=\"https:\/\/globallinkagency.com\/wp-content\/uploads\/2022\/07\/Logo.png\" class=\"attachment-full size-full wp-image-237\" alt=\"\" srcset=\"https:\/\/globallinkagency.com\/wp-content\/uploads\/2022\/07\/Logo.png 500w, https:\/\/globallinkagency.com\/wp-content\/uploads\/2022\/07\/Logo-300x300.png 300w, https:\/\/globallinkagency.com\/wp-content\/uploads\/2022\/07\/Logo-150x150.png 150w\" sizes=\"(max-width: 500px) 100vw, 500px\" \/><\/figure><div class=\"elementor-image-box-content\"><h3 class=\"elementor-image-box-title\">EB2 and EB3 visas<\/h3><p class=\"elementor-image-box-description\">If you are seeking permanent residency in the United States via EB2 or EB3 visas, our advisory team is here to help. Our personalized and specialized services ensure you are on the right path to achieving your goals. <\/p><\/div><\/div>\t\t\t\t<\/div>\n\t\t\t\t<\/div>\n\t\t\t\t<\/div>\n\t\t<div class=\"elementor-element elementor-element-41d6325c e-con-full e-flex e-con e-child\" data-id=\"41d6325c\" data-element_type=\"container\" data-e-type=\"container\" data-settings=\"{&quot;background_background&quot;:&quot;classic&quot;}\">\n\t\t\t\t<div class=\"elementor-element elementor-element-1fe9b822 elementor-position-top elementor-widget elementor-widget-image-box\" data-id=\"1fe9b822\" data-element_type=\"widget\" data-e-type=\"widget\" data-widget_type=\"image-box.default\">\n\t\t\t\t<div class=\"elementor-widget-container\">\n\t\t\t\t\t<div class=\"elementor-image-box-wrapper\"><figure class=\"elementor-image-box-img\"><img fetchpriority=\"high\" decoding=\"async\" width=\"500\" height=\"500\" src=\"https:\/\/globallinkagency.com\/wp-content\/uploads\/2022\/07\/Logo.png\" class=\"attachment-full size-full wp-image-237\" alt=\"\" srcset=\"https:\/\/globallinkagency.com\/wp-content\/uploads\/2022\/07\/Logo.png 500w, https:\/\/globallinkagency.com\/wp-content\/uploads\/2022\/07\/Logo-300x300.png 300w, https:\/\/globallinkagency.com\/wp-content\/uploads\/2022\/07\/Logo-150x150.png 150w\" sizes=\"(max-width: 500px) 100vw, 500px\" \/><\/figure><div class=\"elementor-image-box-content\"><h3 class=\"elementor-image-box-title\">Personalized Visa Consultancy Services<\/h3><p class=\"elementor-image-box-description\">If you are planning to travel to the United States, whether as a tourist, student or for a wedding, our consultancy team is here to help. We offer specialized support for different types of visas, ensuring you are well prepared and confident on your journey.<\/p><\/div><\/div>\t\t\t\t<\/div>\n\t\t\t\t<\/div>\n\t\t\t\t<\/div>\n\t\t\t\t\t<\/div>\n\t\t\t\t<\/div>\n\t\t\t\t<\/div>","protected":false},"excerpt":{"rendered":"<p>Nossos Servi\u00e7os Desde o momento em que voc\u00ea entra em contato conosco, nossa equipe especializada estar\u00e1 pronta para te guiar em cada etapa do caminho. Oferecemos orienta\u00e7\u00e3o inicial detalhada sobre os requisitos de admiss\u00e3o em institui\u00e7\u00f5es de ensino americanas, ajudando voc\u00ea a encontrar o programa de estudo que melhor se adapte aos seus interesses e [&hellip;]<\/p>","protected":false},"author":2,"featured_media":0,"parent":0,"menu_order":0,"comment_status":"closed","ping_status":"closed","template":"elementor_header_footer","meta":{"footnotes":""},"class_list":["post-53","page","type-page","status-publish","hentry"],"_links":{"self":[{"href":"https:\/\/globallinkagency.com\/en\/wp-json\/wp\/v2\/pages\/53","targetHints":{"allow":["GET"]}}],"collection":[{"href":"https:\/\/globallinkagency.com\/en\/wp-json\/wp\/v2\/pages"}],"about":[{"href":"https:\/\/globallinkagency.com\/en\/wp-json\/wp\/v2\/types\/page"}],"author":[{"embeddable":true,"href":"https:\/\/globallinkagency.com\/en\/wp-json\/wp\/v2\/users\/2"}],"replies":[{"embeddable":true,"href":"https:\/\/globallinkagency.com\/en\/wp-json\/wp\/v2\/comments?post=53"}],"version-history":[{"count":40,"href":"https:\/\/globallinkagency.com\/en\/wp-json\/wp\/v2\/pages\/53\/revisions"}],"predecessor-version":[{"id":498,"href":"https:\/\/globallinkagency.com\/en\/wp-json\/wp\/v2\/pages\/53\/revisions\/498"}],"wp:attachment":[{"href":"https:\/\/globallinkagency.com\/en\/wp-json\/wp\/v2\/media?parent=53"}],"curies":[{"name":"wp","href":"https:\/\/api.w.org\/{rel}","templated":true}]}}